{"id":1626,"date":"2014-07-11T11:34:44","date_gmt":"2014-07-11T09:34:44","guid":{"rendered":"http:\/\/salic_domquartier.studio191_website.at\/?page_id=1626"},"modified":"2025-11-12T13:42:11","modified_gmt":"2025-11-12T12:42:11","slug":"contatto-come-raggiungerci","status":"publish","type":"page","link":"https:\/\/www.domquartier.at\/it\/visitare\/contatto-come-raggiungerci\/","title":{"rendered":"Contatti &#038; come raggiungerci"},"content":{"rendered":"<h2>La sostenibilit\u00e0 \u00e8 una delle nostre principali preoccupazioni.<\/h2>\n<p>Sosteneteci e raggiungeteci in autobus, treno, bicicletta o a piedi nel modo pi\u00f9 ecologico possibile.<\/p>\n<p><img decoding=\"async\" src=\"https:\/\/www.domquartier.at\/wp-content\/uploads\/2025\/03\/domquartier-salzburg-museum-header-1.jpg\"><\/p>\n<div class=\"dq-infobox col-lg-6 col-sm-12\" id=\"\">\n<div class=\"infobox-content\">\n<h2 class=\"infobox-title\">Indirizzo<\/h2>\n<p>Residenzplatz 1<br \/>\n5020 Salzburg<br \/>\n\u00d6sterreich <\/p>\n<\/div>\n<\/div>\n<p>&nbsp;<\/p>\n<div class=\"dq-infobox col-lg-6 col-sm-12\" id=\"\">\n<div class=\"infobox-content\">\n<h2 class=\"infobox-title\">Con i mezzi pubblici<\/h2>\n<p>Dalla Piazza della Stazione partono gli autobus 1, 3, 5, 6 e 25 che, in circa dieci minuti, portano direttamente in centro. Oppure arrivando con la S-Bahn, si scende alla fermata M\u00fclln-Altstadt e in 15 minuti di passeggiata si raggiunge il centro.<\/p>\n<p>&nbsp;<\/p>\n<p><script type=\"text\/javascript\" src=\"https:\/\/fahrplan.salzburg-verkehr.at\/webapp\/staticfiles\/hafas-widget-core.1.0.0.js?L=vs_svv&amp;\"><\/script><\/p>\n<div style=\"width: 500px; height: 300px;\" data-hfs-widget=\"true\" data-hfs-widget-tp=\"true\" data-hfs-widget-tp-dep=\"Salzburg Hauptbahnhof\" data-hfs-widget-tp-depalias=\"Salzburg Hauptbahnhof\" data-hfs-widget-tp-arr=\"Domplatz 1A, 5020 Salzburg\" data-hfs-widget-tp-arralias=\"DomQuartier Salzburg\">&nbsp;<\/div>\n<\/p>\n<\/div>\n<\/div>\n<div class=\"dq-infobox col-lg-6 col-sm-12\" id=\"\">\n<div class=\"infobox-content\">\n<h2 class=\"infobox-title\">Dall\u2019aeroporto<\/h2>\n<p>L\u2019aeroporto \u00e8 a soli 4 km dal centro-citt\u00e0. Con l\u2019autobus numero 10 o con un taxi si raggiunge comodamente il centro in 20 minuti.<\/p>\n<\/div>\n<\/div>\n<div class=\"dq-infobox col-lg-6 col-sm-12\" id=\"\">\n<div class=\"infobox-content\">\n<h2 class=\"infobox-title\">In macchina<\/h2>\n<p><strong>Da Linz e Vienna:<\/strong> uscita dell\u2019autostrada \u201cnord\u201d o \u201cmitte\u201d.<\/p>\n<p><strong>Da Monaco e Innsbruck:<\/strong> uscita dell\u2019autostrada \u201cmitte\u201d.<\/p>\n<p><strong>Dall\u2019Italia:<\/strong> uscita dell\u2019autostrada \u201csud\u201d. Si consiglia di usare l\u2019offerta di park &amp; ride, date le possibilit\u00e0 limitate di circolare nel centro di Salisburgo con la macchina.<\/p>\n<p>Il modo pi\u00f9 sicuro e conveniente per parcheggiare in centro \u00e8 in uno dei parcheggi: M\u00f6nchsberg, Nonntal, Mirabell, Schwarzstra\u00dfe e Linzergasse. <a href=\"https:\/\/www.salzburg.info\/en\/travel-info\/arrival-traffic\/car\/parking\" target=\"_blank\" rel=\"noopener\">Le informazioni aggiornate sui parcheggi a Salisburgo sono raccolte qui.<\/a><\/p>\n<\/div>\n<\/div>\n<p>&nbsp;<\/p>\n<h2>Scrivici<\/h2>\n<div class=\"wpcf7 no-js\" id=\"wpcf7-f8600-o1\" lang=\"de-DE\" dir=\"ltr\" data-wpcf7-id=\"8600\">\n<div class=\"screen-reader-response\">\n<p role=\"status\" aria-live=\"polite\" aria-atomic=\"true\">\n<ul><\/ul>\n<\/div>\n<form action=\"\/it\/wp-json\/wp\/v2\/pages\/1626#wpcf7-f8600-o1\" method=\"post\" class=\"wpcf7-form init col-md-6 col-sm-12\" aria-label=\"Contact form\" novalidate=\"novalidate\" data-status=\"init\">\n<div style=\"display: none;\">\n<input type=\"hidden\" name=\"_wpcf7\" value=\"8600\" \/><br \/>\n<input type=\"hidden\" name=\"_wpcf7_version\" value=\"6.0.1\" \/><br \/>\n<input type=\"hidden\" name=\"_wpcf7_locale\" value=\"de_DE\" \/><br \/>\n<input type=\"hidden\" name=\"_wpcf7_unit_tag\" value=\"wpcf7-f8600-o1\" \/><br \/>\n<input type=\"hidden\" name=\"_wpcf7_container_post\" value=\"0\" \/><br \/>\n<input type=\"hidden\" name=\"_wpcf7_posted_data_hash\" value=\"\" \/>\n<\/div>\n<p><span>Signor\/ra<\/span><span class=\"wpcf7-form-control-wrap\" data-name=\"anrede\"><select class=\"wpcf7-form-control wpcf7-select\" aria-invalid=\"false\" name=\"anrede\"><option value=\"\">&#8212;Please choose an option&#8212;<\/option><option value=\"Signor\">Signor<\/option><option value=\"Signora\">Signora<\/option><\/select><\/span>\n<\/p>\n<p><span>Nome<\/span><span class=\"wpcf7-form-control-wrap\" data-name=\"vorname\"><input size=\"40\" maxlength=\"400\" class=\"wpcf7-form-control wpcf7-text\" aria-invalid=\"false\" value=\"\" type=\"text\" name=\"vorname\" \/><\/span>\n<\/p>\n<p><span>Cognome<\/span><span class=\"wpcf7-form-control-wrap\" data-name=\"nachname\"><input size=\"40\" maxlength=\"400\" class=\"wpcf7-form-control wpcf7-text\" aria-invalid=\"false\" value=\"\" type=\"text\" name=\"nachname\" \/><\/span>\n<\/p>\n<p><span>E-Mail*<\/span><span class=\"wpcf7-form-control-wrap\" data-name=\"email\"><input size=\"40\" maxlength=\"400\" class=\"wpcf7-form-control wpcf7-email wpcf7-validates-as-required wpcf7-text wpcf7-validates-as-email large\" aria-required=\"true\" aria-invalid=\"false\" value=\"\" type=\"email\" name=\"email\" \/><\/span>\n<\/p>\n<p><span>Oggetto<\/span><span class=\"wpcf7-form-control-wrap\" data-name=\"betreff\"><input size=\"40\" maxlength=\"400\" class=\"wpcf7-form-control wpcf7-text large\" aria-invalid=\"false\" value=\"\" type=\"text\" name=\"betreff\" \/><\/span>\n<\/p>\n<p><span>Messaggio*<\/span><span class=\"wpcf7-form-control-wrap\" data-name=\"nachricht\"><textarea cols=\"40\" rows=\"10\" maxlength=\"2000\" class=\"wpcf7-form-control wpcf7-textarea wpcf7-validates-as-required large\" aria-required=\"true\" aria-invalid=\"false\" name=\"nachricht\"><\/textarea><\/span>\n<\/p>\n<p style=\"font-size: 12px;margin: 20px 0;\">Se ci contattate, i dati da voi forniti saranno memorizzati allo scopo di elaborare la vostra richiesta e in caso di domande successive e in caso di domande successive. Per ulteriori informazioni su come trattiamo i vostri dati, consultate la nostra dichiarazione sulla protezione dei dati.\n<\/p>\n<p><span class=\"wpcf7-form-control-wrap\" data-name=\"datenschutz\"><span class=\"wpcf7-form-control wpcf7-acceptance\"><span class=\"wpcf7-list-item\"><label><input type=\"checkbox\" name=\"datenschutz\" value=\"1\" class=\"large\" aria-invalid=\"false\" \/><span class=\"wpcf7-list-item-label\">Prendo atto <a href=\"https:\/\/www.domquartier.at\/it\/datenschutzerklaerung\/\" target=\"_blank\">dell'informativa sulla privacy<\/a> e acconsento al trattamento dei dati. *<\/span><\/label><\/span><\/span><\/span>\n<\/p>\n<p><input type=\"hidden\" name=\"_wpcf7_captcha_challenge_kontakt-it\" value=\"955565819\" \/><img decoding=\"async\" class=\"wpcf7-form-control wpcf7-captchac wpcf7-captcha-kontakt-it\" width=\"72\" height=\"24\" alt=\"captcha\" src=\"https:\/\/www.domquartier.at\/wp-content\/uploads\/wpcf7_captcha\/955565819.png\" \/>\n<\/p>\n<p><span class=\"wpcf7-form-control-wrap\" data-name=\"kontakt-it\"><input size=\"40\" class=\"wpcf7-form-control wpcf7-captchar\" autocomplete=\"off\" aria-invalid=\"false\" value=\"\" type=\"text\" name=\"kontakt-it\" \/><\/span> *\n<\/p>\n<p class=\"small\">* Campo obbligatorio\n<\/p>\n<p><input class=\"wpcf7-form-control wpcf7-submit has-spinner\" type=\"submit\" value=\"Inviare la richiesta\" \/>\n<\/p>\n<div class=\"wpcf7-response-output\" aria-hidden=\"true\"><\/div>\n<\/form>\n<\/div>\n","protected":false},"excerpt":{"rendered":"<p>La sostenibilit\u00e0 \u00e8 una delle nostre principali preoccupazioni. Sosteneteci e raggiungeteci in autobus, treno, bicicletta o a piedi nel modo pi\u00f9 ecologico possibile. &nbsp; &nbsp; Scrivici<\/p>\n<p class=\"read-more-wrapper\"><a class=\"read-more\" href=\"https:\/\/www.domquartier.at\/it\/visitare\/contatto-come-raggiungerci\/\">Learn more<\/a><\/p>","protected":false},"author":7,"featured_media":0,"parent":2041,"menu_order":44,"comment_status":"open","ping_status":"closed","template":"page-onpeage.php","meta":{"_acf_changed":false,"ngg_post_thumbnail":0,"footnotes":""},"class_list":["post-1626","page","type-page","status-publish","hentry"],"acf":[],"_links":{"self":[{"href":"https:\/\/www.domquartier.at\/it\/wp-json\/wp\/v2\/pages\/1626","targetHints":{"allow":["GET"]}}],"collection":[{"href":"https:\/\/www.domquartier.at\/it\/wp-json\/wp\/v2\/pages"}],"about":[{"href":"https:\/\/www.domquartier.at\/it\/wp-json\/wp\/v2\/types\/page"}],"author":[{"embeddable":true,"href":"https:\/\/www.domquartier.at\/it\/wp-json\/wp\/v2\/users\/7"}],"replies":[{"embeddable":true,"href":"https:\/\/www.domquartier.at\/it\/wp-json\/wp\/v2\/comments?post=1626"}],"version-history":[{"count":19,"href":"https:\/\/www.domquartier.at\/it\/wp-json\/wp\/v2\/pages\/1626\/revisions"}],"predecessor-version":[{"id":59371,"href":"https:\/\/www.domquartier.at\/it\/wp-json\/wp\/v2\/pages\/1626\/revisions\/59371"}],"up":[{"embeddable":true,"href":"https:\/\/www.domquartier.at\/it\/wp-json\/wp\/v2\/pages\/2041"}],"wp:attachment":[{"href":"https:\/\/www.domquartier.at\/it\/wp-json\/wp\/v2\/media?parent=1626"}],"curies":[{"name":"wp","href":"https:\/\/api.w.org\/{rel}","templated":true}]}}